{"id":618,"date":"2019-05-31T12:43:36","date_gmt":"2019-05-31T10:43:36","guid":{"rendered":"http:\/\/demo.athemes.com\/airi-lawyer\/?page_id=96"},"modified":"2024-04-09T16:40:29","modified_gmt":"2024-04-09T14:40:29","slug":"o-firmie","status":"publish","type":"page","link":"https:\/\/invenco.pl\/?page_id=618&lang=pl","title":{"rendered":"O firmie"},"content":{"rendered":"\t\t<div data-elementor-type=\"wp-post\" data-elementor-id=\"618\" class=\"elementor elementor-618\">\n\t\t\t\t\t\t<section class=\"elementor-section elementor-top-section elementor-element elementor-element-7b67f031 elementor-section-boxed elementor-section-height-default elementor-section-height-default\" data-id=\"7b67f031\" data-element_type=\"section\">\n\t\t\t\t\t\t<div class=\"elementor-container elementor-column-gap-no\">\n\t\t\t\t\t<div class=\"elementor-column elementor-col-50 elementor-top-column elementor-element elementor-element-44b60c21\" data-id=\"44b60c21\" data-element_type=\"column\">\n\t\t\t<div class=\"elementor-widget-wrap elementor-element-populated\">\n\t\t\t\t\t\t<div class=\"elementor-element elementor-element-477829dc elementor-widget__width-initial elementor-widget elementor-widget-image\" data-id=\"477829dc\" data-element_type=\"widget\" data-widget_type=\"image.default\">\n\t\t\t\t<div class=\"elementor-widget-container\">\n\t\t\t\t\t\t\t\t\t\t\t\t\t<img fetchpriority=\"high\" decoding=\"async\" width=\"683\" height=\"1024\" src=\"https:\/\/invenco.pl\/wp-content\/uploads\/2020\/05\/modal-683x1024.jpg\" class=\"attachment-large size-large wp-image-852\" alt=\"\" srcset=\"https:\/\/invenco.pl\/wp-content\/uploads\/2020\/05\/modal-683x1024.jpg 683w, https:\/\/invenco.pl\/wp-content\/uploads\/2020\/05\/modal-200x300.jpg 200w, https:\/\/invenco.pl\/wp-content\/uploads\/2020\/05\/modal-768x1151.jpg 768w, https:\/\/invenco.pl\/wp-content\/uploads\/2020\/05\/modal-1025x1536.jpg 1025w, https:\/\/invenco.pl\/wp-content\/uploads\/2020\/05\/modal-1366x2048.jpg 1366w, https:\/\/invenco.pl\/wp-content\/uploads\/2020\/05\/modal-720x1079.jpg 720w, https:\/\/invenco.pl\/wp-content\/uploads\/2020\/05\/modal-scaled.jpg 1708w\" sizes=\"(max-width: 683px) 100vw, 683px\" \/>\t\t\t\t\t\t\t\t\t\t\t\t\t<\/div>\n\t\t\t\t<\/div>\n\t\t\t\t\t<\/div>\n\t\t<\/div>\n\t\t\t\t<div class=\"elementor-column elementor-col-50 elementor-top-column elementor-element elementor-element-6f6d899c\" data-id=\"6f6d899c\" data-element_type=\"column\">\n\t\t\t<div class=\"elementor-widget-wrap elementor-element-populated\">\n\t\t\t\t\t\t<div class=\"elementor-element elementor-element-7b9fc31a elementor-widget elementor-widget-heading\" data-id=\"7b9fc31a\" data-element_type=\"widget\" data-widget_type=\"heading.default\">\n\t\t\t\t<div class=\"elementor-widget-container\">\n\t\t\t<h1 class=\"elementor-heading-title elementor-size-default\">Invenco Engineering<\/h1>\t\t<\/div>\n\t\t\t\t<\/div>\n\t\t\t\t<div class=\"elementor-element elementor-element-4cf440a2 elementor-widget elementor-widget-heading\" data-id=\"4cf440a2\" data-element_type=\"widget\" data-widget_type=\"heading.default\">\n\t\t\t\t<div class=\"elementor-widget-container\">\n\t\t\t<h4 class=\"elementor-heading-title elementor-size-default\">Posiadamy rozleg\u0142e do\u015bwiadczenie in\u017cynierskie<\/h4>\t\t<\/div>\n\t\t\t\t<\/div>\n\t\t\t\t<div class=\"elementor-element elementor-element-5e7a6947 elementor-widget__width-initial elementor-widget elementor-widget-heading\" data-id=\"5e7a6947\" data-element_type=\"widget\" data-widget_type=\"heading.default\">\n\t\t\t\t<div class=\"elementor-widget-container\">\n\t\t\t<p class=\"elementor-heading-title elementor-size-default\">Invenco Engineering powsta\u0142o z pasji do \u015bwiadomego tworzenia nowych obiekt\u00f3w technicznych. Posiadamy do\u015bwiadczenie, jeste\u015bmy kreatywni, odpowiedzialni, dobrze zorganizowani i skuteczni w realizacji projekt\u00f3w technicznych. W naszym portfolio s\u0105 dziesi\u0105tki kompleksowych prac z dziedziny pojazd\u00f3w szynowych, samochod\u00f3w oraz maszyn i urz\u0105dze\u0144 zrealizowanych dla du\u017cych firm z rynku EU i CN. Jeste\u015bmy zespo\u0142em \u015bwiadomych i dobrze wykszta\u0142conych in\u017cynier\u00f3w z du\u017c\u0105 praktyk\u0105. Zatrudniamy kilka os\u00f3b ze stopniem doktora nauk technicznych co podkre\u015bla nasze wysokie kwalifikacje. W naszej praktyce wykorzystujemy zaawansowane oprogramowanie in\u017cynierskie:<br>- Altair Hyperworks (Hypermesh, Hyperview, Optistruct, Radioss, Acusolve, MotionSolve, ...);<br>- LS-Dyna (LS-Dyna, LS-PrePost, LS-Opt, LS-Tasc);<br>- Dassault Systems Solidworks, Catia oraz Simpack;<br>- PTC Creo;<br>- Fatavas, w\u0142asne oprogramowanie do oblicze\u0144 zm\u0119czeniowych kompozyt\u00f3w;<br>- Openfoam;<br>- National Instruments Labview;<br>- Hexagon, Mitcalc;<br>- Scilab, Octave, Open Modelica;<br>- Python, C, C++, Visual Basic;<br>i inne.<br>To jednak tylko narz\u0119dzia, najwa\u017cniejsza jest wiedza, do\u015bwiadczenie i know-how, kt\u00f3re oferujemy jako podstaw\u0119 naszych dzia\u0142a\u0144.<br><br>Zapraszamy do wsp\u00f3\u0142pracy.<\/p>\t\t<\/div>\n\t\t\t\t<\/div>\n\t\t\t\t\t<\/div>\n\t\t<\/div>\n\t\t\t\t\t<\/div>\n\t\t<\/section>\n\t\t\t\t<section class=\"elementor-section elementor-top-section elementor-element elementor-element-44cb289 elementor-section-boxed elementor-section-height-default elementor-section-height-default\" data-id=\"44cb289\" data-element_type=\"section\">\n\t\t\t\t\t\t<div class=\"elementor-container elementor-column-gap-default\">\n\t\t\t\t\t<div class=\"elementor-column elementor-col-100 elementor-top-column elementor-element elementor-element-5115788\" data-id=\"5115788\" data-element_type=\"column\">\n\t\t\t<div class=\"elementor-widget-wrap elementor-element-populated\">\n\t\t\t\t\t\t<div class=\"elementor-element elementor-element-9e98295 elementor-widget elementor-widget-athemes-hero-slider\" data-id=\"9e98295\" data-element_type=\"widget\" data-widget_type=\"athemes-hero-slider.default\">\n\t\t\t\t<div class=\"elementor-widget-container\">\n\t\t\t\r\n\t\t<div class=\"swiper-container athemes-hero-slider\">\r\n\t\t\t<div class=\"swiper-wrapper athemes-hero-wrapper\">\r\n\t\t\t\t\t\t\t\t\t<div data-swiper-autoplay=\"2000\" class=\"swiper-slide\" style=\"background-image: url('http:\/\/invenco.pl\/wp-content\/uploads\/2021\/06\/aaa.png');\">\r\n\t\t\t\t\t\t<div class=\"slide-inner\">\r\n\t\t\t\t\t\t\t<div class=\"container\">\r\n\t\t\t\t\t\t\t\t<div class=\"row\">\r\n\t\t\t\t\t\t\t\t\t<div class=\"col-md-6\">\r\n\t\t\t\t\t\t\t\t\t\t<h2 class=\"slide-title\"><\/h2>\r\n\t\t\t\t\t\t\t\t\t\t<p class=\"slide-text\"><\/p>\r\n\r\n\t\t\t\t\t\t\t\t\t\t\t\t\t\t\t\t\t\t\t<\/div>\r\n\t\t\t\t\t\t\t\t<\/div>\r\n\t\t\t\t\t\t\t<\/div>\r\n\t\t\t\t\t\t<\/div>\r\n\t\t\t\t\t<\/div>\r\n\t\t\t\t\t\t\t\t\t\t<div data-swiper-autoplay=\"2000\" class=\"swiper-slide\" style=\"background-image: url('http:\/\/invenco.pl\/wp-content\/uploads\/2021\/06\/unnamed.png');\">\r\n\t\t\t\t\t\t<div class=\"slide-inner\">\r\n\t\t\t\t\t\t\t<div class=\"container\">\r\n\t\t\t\t\t\t\t\t<div class=\"row\">\r\n\t\t\t\t\t\t\t\t\t<div class=\"col-md-6\">\r\n\t\t\t\t\t\t\t\t\t\t<h2 class=\"slide-title\"><\/h2>\r\n\t\t\t\t\t\t\t\t\t\t<p class=\"slide-text\"><\/p>\r\n\r\n\t\t\t\t\t\t\t\t\t\t\t\t\t\t\t\t\t\t\t<\/div>\r\n\t\t\t\t\t\t\t\t<\/div>\r\n\t\t\t\t\t\t\t<\/div>\r\n\t\t\t\t\t\t<\/div>\r\n\t\t\t\t\t<\/div>\r\n\t\t\t\t\t\t\t\t\t\t<div data-swiper-autoplay=\"2000\" class=\"swiper-slide\" style=\"background-image: url('http:\/\/invenco.pl\/wp-content\/uploads\/2021\/06\/18.png');\">\r\n\t\t\t\t\t\t<div class=\"slide-inner\">\r\n\t\t\t\t\t\t\t<div class=\"container\">\r\n\t\t\t\t\t\t\t\t<div class=\"row\">\r\n\t\t\t\t\t\t\t\t\t<div class=\"col-md-6\">\r\n\t\t\t\t\t\t\t\t\t\t<h2 class=\"slide-title\"><\/h2>\r\n\t\t\t\t\t\t\t\t\t\t<p class=\"slide-text\"><\/p>\r\n\r\n\t\t\t\t\t\t\t\t\t\t\t\t\t\t\t\t\t\t\t<\/div>\r\n\t\t\t\t\t\t\t\t<\/div>\r\n\t\t\t\t\t\t\t<\/div>\r\n\t\t\t\t\t\t<\/div>\r\n\t\t\t\t\t<\/div>\r\n\t\t\t\t\t\t\t\t\t\t<div data-swiper-autoplay=\"2000\" class=\"swiper-slide\" style=\"background-image: url('http:\/\/invenco.pl\/wp-content\/uploads\/2021\/06\/susp3.png');\">\r\n\t\t\t\t\t\t<div class=\"slide-inner\">\r\n\t\t\t\t\t\t\t<div class=\"container\">\r\n\t\t\t\t\t\t\t\t<div class=\"row\">\r\n\t\t\t\t\t\t\t\t\t<div class=\"col-md-6\">\r\n\t\t\t\t\t\t\t\t\t\t<h2 class=\"slide-title\"><\/h2>\r\n\t\t\t\t\t\t\t\t\t\t<p class=\"slide-text\"><\/p>\r\n\r\n\t\t\t\t\t\t\t\t\t\t\t\t\t\t\t\t\t\t\t<\/div>\r\n\t\t\t\t\t\t\t\t<\/div>\r\n\t\t\t\t\t\t\t<\/div>\r\n\t\t\t\t\t\t<\/div>\r\n\t\t\t\t\t<\/div>\r\n\t\t\t\t\t\t\t\t\t\t<div data-swiper-autoplay=\"2000\" class=\"swiper-slide\" style=\"background-image: url('http:\/\/invenco.pl\/wp-content\/uploads\/2021\/06\/hvac.png');\">\r\n\t\t\t\t\t\t<div class=\"slide-inner\">\r\n\t\t\t\t\t\t\t<div class=\"container\">\r\n\t\t\t\t\t\t\t\t<div class=\"row\">\r\n\t\t\t\t\t\t\t\t\t<div class=\"col-md-6\">\r\n\t\t\t\t\t\t\t\t\t\t<h2 class=\"slide-title\"><\/h2>\r\n\t\t\t\t\t\t\t\t\t\t<p class=\"slide-text\"><\/p>\r\n\r\n\t\t\t\t\t\t\t\t\t\t\t\t\t\t\t\t\t\t\t<\/div>\r\n\t\t\t\t\t\t\t\t<\/div>\r\n\t\t\t\t\t\t\t<\/div>\r\n\t\t\t\t\t\t<\/div>\r\n\t\t\t\t\t<\/div>\r\n\t\t\t\t\t\t\t\t\t\t<div data-swiper-autoplay=\"2000\" class=\"swiper-slide\" style=\"background-image: url('http:\/\/invenco.pl\/wp-content\/uploads\/2021\/06\/654_red.jpg');\">\r\n\t\t\t\t\t\t<div class=\"slide-inner\">\r\n\t\t\t\t\t\t\t<div class=\"container\">\r\n\t\t\t\t\t\t\t\t<div class=\"row\">\r\n\t\t\t\t\t\t\t\t\t<div class=\"col-md-6\">\r\n\t\t\t\t\t\t\t\t\t\t<h2 class=\"slide-title\"><\/h2>\r\n\t\t\t\t\t\t\t\t\t\t<p class=\"slide-text\"><\/p>\r\n\r\n\t\t\t\t\t\t\t\t\t\t\t\t\t\t\t\t\t\t\t<\/div>\r\n\t\t\t\t\t\t\t\t<\/div>\r\n\t\t\t\t\t\t\t<\/div>\r\n\t\t\t\t\t\t<\/div>\r\n\t\t\t\t\t<\/div>\r\n\t\t\t\t\t\t\t\t\t\t<div data-swiper-autoplay=\"2000\" class=\"swiper-slide\" style=\"background-image: url('http:\/\/invenco.pl\/wp-content\/uploads\/2021\/05\/cra1.png');\">\r\n\t\t\t\t\t\t<div class=\"slide-inner\">\r\n\t\t\t\t\t\t\t<div class=\"container\">\r\n\t\t\t\t\t\t\t\t<div class=\"row\">\r\n\t\t\t\t\t\t\t\t\t<div class=\"col-md-6\">\r\n\t\t\t\t\t\t\t\t\t\t<h2 class=\"slide-title\"><\/h2>\r\n\t\t\t\t\t\t\t\t\t\t<p class=\"slide-text\"><\/p>\r\n\r\n\t\t\t\t\t\t\t\t\t\t\t\t\t\t\t\t\t\t\t<\/div>\r\n\t\t\t\t\t\t\t\t<\/div>\r\n\t\t\t\t\t\t\t<\/div>\r\n\t\t\t\t\t\t<\/div>\r\n\t\t\t\t\t<\/div>\r\n\t\t\t\t\t\t\t\t\t\t<div data-swiper-autoplay=\"2000\" class=\"swiper-slide\" style=\"background-image: url('http:\/\/invenco.pl\/wp-content\/uploads\/2021\/06\/render_stron7.png');\">\r\n\t\t\t\t\t\t<div class=\"slide-inner\">\r\n\t\t\t\t\t\t\t<div class=\"container\">\r\n\t\t\t\t\t\t\t\t<div class=\"row\">\r\n\t\t\t\t\t\t\t\t\t<div class=\"col-md-6\">\r\n\t\t\t\t\t\t\t\t\t\t<h2 class=\"slide-title\"><\/h2>\r\n\t\t\t\t\t\t\t\t\t\t<p class=\"slide-text\"><\/p>\r\n\r\n\t\t\t\t\t\t\t\t\t\t\t\t\t\t\t\t\t\t\t<\/div>\r\n\t\t\t\t\t\t\t\t<\/div>\r\n\t\t\t\t\t\t\t<\/div>\r\n\t\t\t\t\t\t<\/div>\r\n\t\t\t\t\t<\/div>\r\n\t\t\t\t\t\t\t\t\t\t<div data-swiper-autoplay=\"2000\" class=\"swiper-slide\" style=\"background-image: url('http:\/\/invenco.pl\/wp-content\/uploads\/2021\/05\/d3plot_007-1024x652-1.png');\">\r\n\t\t\t\t\t\t<div class=\"slide-inner\">\r\n\t\t\t\t\t\t\t<div class=\"container\">\r\n\t\t\t\t\t\t\t\t<div class=\"row\">\r\n\t\t\t\t\t\t\t\t\t<div class=\"col-md-6\">\r\n\t\t\t\t\t\t\t\t\t\t<h2 class=\"slide-title\"><\/h2>\r\n\t\t\t\t\t\t\t\t\t\t<p class=\"slide-text\"><\/p>\r\n\r\n\t\t\t\t\t\t\t\t\t\t\t\t\t\t\t\t\t\t\t<\/div>\r\n\t\t\t\t\t\t\t\t<\/div>\r\n\t\t\t\t\t\t\t<\/div>\r\n\t\t\t\t\t\t<\/div>\r\n\t\t\t\t\t<\/div>\r\n\t\t\t\t\t\t\t\t\t\t<div data-swiper-autoplay=\"2000\" class=\"swiper-slide\" style=\"background-image: url('http:\/\/invenco.pl\/wp-content\/uploads\/2021\/06\/tram2.png');\">\r\n\t\t\t\t\t\t<div class=\"slide-inner\">\r\n\t\t\t\t\t\t\t<div class=\"container\">\r\n\t\t\t\t\t\t\t\t<div class=\"row\">\r\n\t\t\t\t\t\t\t\t\t<div class=\"col-md-6\">\r\n\t\t\t\t\t\t\t\t\t\t<h2 class=\"slide-title\"><\/h2>\r\n\t\t\t\t\t\t\t\t\t\t<p class=\"slide-text\"><\/p>\r\n\r\n\t\t\t\t\t\t\t\t\t\t\t\t\t\t\t\t\t\t\t<\/div>\r\n\t\t\t\t\t\t\t\t<\/div>\r\n\t\t\t\t\t\t\t<\/div>\r\n\t\t\t\t\t\t<\/div>\r\n\t\t\t\t\t<\/div>\r\n\t\t\t\t\t\t\t\t\t\t<div data-swiper-autoplay=\"2000\" class=\"swiper-slide\" style=\"background-image: url('http:\/\/invenco.pl\/wp-content\/uploads\/2021\/05\/ale.png');\">\r\n\t\t\t\t\t\t<div class=\"slide-inner\">\r\n\t\t\t\t\t\t\t<div class=\"container\">\r\n\t\t\t\t\t\t\t\t<div class=\"row\">\r\n\t\t\t\t\t\t\t\t\t<div class=\"col-md-6\">\r\n\t\t\t\t\t\t\t\t\t\t<h2 class=\"slide-title\"><\/h2>\r\n\t\t\t\t\t\t\t\t\t\t<p class=\"slide-text\"><\/p>\r\n\r\n\t\t\t\t\t\t\t\t\t\t\t\t\t\t\t\t\t\t\t<\/div>\r\n\t\t\t\t\t\t\t\t<\/div>\r\n\t\t\t\t\t\t\t<\/div>\r\n\t\t\t\t\t\t<\/div>\r\n\t\t\t\t\t<\/div>\r\n\t\t\t\t\t\t\t\t\t\t<div data-swiper-autoplay=\"2000\" class=\"swiper-slide\" style=\"background-image: url('http:\/\/invenco.pl\/wp-content\/uploads\/2021\/05\/dummy_2.png');\">\r\n\t\t\t\t\t\t<div class=\"slide-inner\">\r\n\t\t\t\t\t\t\t<div class=\"container\">\r\n\t\t\t\t\t\t\t\t<div class=\"row\">\r\n\t\t\t\t\t\t\t\t\t<div class=\"col-md-6\">\r\n\t\t\t\t\t\t\t\t\t\t<h2 class=\"slide-title\"><\/h2>\r\n\t\t\t\t\t\t\t\t\t\t<p class=\"slide-text\"><\/p>\r\n\r\n\t\t\t\t\t\t\t\t\t\t\t\t\t\t\t\t\t\t\t<\/div>\r\n\t\t\t\t\t\t\t\t<\/div>\r\n\t\t\t\t\t\t\t<\/div>\r\n\t\t\t\t\t\t<\/div>\r\n\t\t\t\t\t<\/div>\r\n\t\t\t\t\t\t\t\t\t\t<div data-swiper-autoplay=\"2000\" class=\"swiper-slide\" style=\"background-image: url('http:\/\/invenco.pl\/wp-content\/uploads\/2021\/05\/zawor.png');\">\r\n\t\t\t\t\t\t<div class=\"slide-inner\">\r\n\t\t\t\t\t\t\t<div class=\"container\">\r\n\t\t\t\t\t\t\t\t<div class=\"row\">\r\n\t\t\t\t\t\t\t\t\t<div class=\"col-md-6\">\r\n\t\t\t\t\t\t\t\t\t\t<h2 class=\"slide-title\"><\/h2>\r\n\t\t\t\t\t\t\t\t\t\t<p class=\"slide-text\"><\/p>\r\n\r\n\t\t\t\t\t\t\t\t\t\t\t\t\t\t\t\t\t\t\t<\/div>\r\n\t\t\t\t\t\t\t\t<\/div>\r\n\t\t\t\t\t\t\t<\/div>\r\n\t\t\t\t\t\t<\/div>\r\n\t\t\t\t\t<\/div>\r\n\t\t\t\t\t\t\t\t\t\t<div data-swiper-autoplay=\"2000\" class=\"swiper-slide\" style=\"background-image: url('http:\/\/invenco.pl\/wp-content\/uploads\/2020\/05\/light.png');\">\r\n\t\t\t\t\t\t<div class=\"slide-inner\">\r\n\t\t\t\t\t\t\t<div class=\"container\">\r\n\t\t\t\t\t\t\t\t<div class=\"row\">\r\n\t\t\t\t\t\t\t\t\t<div class=\"col-md-6\">\r\n\t\t\t\t\t\t\t\t\t\t<h2 class=\"slide-title\"><\/h2>\r\n\t\t\t\t\t\t\t\t\t\t<p class=\"slide-text\"><\/p>\r\n\r\n\t\t\t\t\t\t\t\t\t\t\t\t\t\t\t\t\t\t\t<\/div>\r\n\t\t\t\t\t\t\t\t<\/div>\r\n\t\t\t\t\t\t\t<\/div>\r\n\t\t\t\t\t\t<\/div>\r\n\t\t\t\t\t<\/div>\r\n\t\t\t\t\t\t\t\t\t\t<div data-swiper-autoplay=\"2000\" class=\"swiper-slide\" style=\"background-image: url('http:\/\/invenco.pl\/wp-content\/uploads\/2021\/05\/09.png');\">\r\n\t\t\t\t\t\t<div class=\"slide-inner\">\r\n\t\t\t\t\t\t\t<div class=\"container\">\r\n\t\t\t\t\t\t\t\t<div class=\"row\">\r\n\t\t\t\t\t\t\t\t\t<div class=\"col-md-6\">\r\n\t\t\t\t\t\t\t\t\t\t<h2 class=\"slide-title\"><\/h2>\r\n\t\t\t\t\t\t\t\t\t\t<p class=\"slide-text\"><\/p>\r\n\r\n\t\t\t\t\t\t\t\t\t\t\t\t\t\t\t\t\t\t\t<\/div>\r\n\t\t\t\t\t\t\t\t<\/div>\r\n\t\t\t\t\t\t\t<\/div>\r\n\t\t\t\t\t\t<\/div>\r\n\t\t\t\t\t<\/div>\r\n\t\t\t\t\t\t\t\t<\/div>\t\r\n\t\t\t<div class=\"swiper-pagination\"><\/div>\r\n\t\t<\/div>\r\n\t\t\t\t<\/div>\n\t\t\t\t<\/div>\n\t\t\t\t\t<\/div>\n\t\t<\/div>\n\t\t\t\t\t<\/div>\n\t\t<\/section>\n\t\t\t\t<\/div>\n\t\t","protected":false},"excerpt":{"rendered":"<p>Invenco Engineering Posiadamy rozleg\u0142e do\u015bwiadczenie [&hellip;]<\/p>\n","protected":false},"author":1,"featured_media":0,"parent":0,"menu_order":0,"comment_status":"closed","ping_status":"closed","template":"page-templates\/template_page-builder.php","meta":[],"yoast_head":"<!-- This site is optimized with the Yoast SEO plugin v21.3 - https:\/\/yoast.com\/wordpress\/plugins\/seo\/ -->\n<title>O firmie - Invenco Engineering<\/title>\n<meta name=\"robots\" content=\"index, follow, max-snippet:-1, max-image-preview:large, max-video-preview:-1\" \/>\n<link rel=\"canonical\" href=\"https:\/\/invenco.pl\/?page_id=618&lang=pl\" \/>\n<meta property=\"og:locale\" content=\"pl_PL\" \/>\n<meta property=\"og:type\" content=\"article\" \/>\n<meta property=\"og:title\" content=\"O firmie - Invenco Engineering\" \/>\n<meta property=\"og:description\" content=\"Invenco Engineering Posiadamy rozleg\u0142e do\u015bwiadczenie [&hellip;]\" \/>\n<meta property=\"og:url\" content=\"https:\/\/invenco.pl\/?page_id=618&amp;lang=pl\" \/>\n<meta property=\"og:site_name\" content=\"Invenco Engineering\" \/>\n<meta property=\"article:modified_time\" content=\"2024-04-09T14:40:29+00:00\" \/>\n<meta property=\"og:image\" content=\"https:\/\/invenco.pl\/wp-content\/uploads\/2020\/05\/modal-683x1024.jpg\" \/>\n<meta name=\"twitter:card\" content=\"summary_large_image\" \/>\n<meta name=\"twitter:label1\" content=\"Szacowany czas czytania\" \/>\n\t<meta name=\"twitter:data1\" content=\"2 minuty\" \/>\n<script type=\"application\/ld+json\" class=\"yoast-schema-graph\">{\"@context\":\"https:\/\/schema.org\",\"@graph\":[{\"@type\":\"WebPage\",\"@id\":\"https:\/\/invenco.pl\/?page_id=618&lang=pl\",\"url\":\"https:\/\/invenco.pl\/?page_id=618&lang=pl\",\"name\":\"O firmie - Invenco Engineering\",\"isPartOf\":{\"@id\":\"https:\/\/invenco.pl\/#website\"},\"datePublished\":\"2019-05-31T10:43:36+00:00\",\"dateModified\":\"2024-04-09T14:40:29+00:00\",\"breadcrumb\":{\"@id\":\"https:\/\/invenco.pl\/?page_id=618&lang=pl#breadcrumb\"},\"inLanguage\":\"pl-PL\",\"potentialAction\":[{\"@type\":\"ReadAction\",\"target\":[\"https:\/\/invenco.pl\/?page_id=618&lang=pl\"]}]},{\"@type\":\"BreadcrumbList\",\"@id\":\"https:\/\/invenco.pl\/?page_id=618&lang=pl#breadcrumb\",\"itemListElement\":[{\"@type\":\"ListItem\",\"position\":1,\"name\":\"Strona g\u0142\u00f3wna\",\"item\":\"https:\/\/invenco.pl\/?page_id=615&lang=pl\"},{\"@type\":\"ListItem\",\"position\":2,\"name\":\"O firmie\"}]},{\"@type\":\"WebSite\",\"@id\":\"https:\/\/invenco.pl\/#website\",\"url\":\"https:\/\/invenco.pl\/\",\"name\":\"Invenco Engineering\",\"description\":\"Professional engineering services\",\"publisher\":{\"@id\":\"https:\/\/invenco.pl\/#organization\"},\"potentialAction\":[{\"@type\":\"SearchAction\",\"target\":{\"@type\":\"EntryPoint\",\"urlTemplate\":\"https:\/\/invenco.pl\/?s={search_term_string}\"},\"query-input\":\"required name=search_term_string\"}],\"inLanguage\":\"pl-PL\"},{\"@type\":\"Organization\",\"@id\":\"https:\/\/invenco.pl\/#organization\",\"name\":\"Invenco Engineering\",\"url\":\"https:\/\/invenco.pl\/\",\"logo\":{\"@type\":\"ImageObject\",\"inLanguage\":\"pl-PL\",\"@id\":\"https:\/\/invenco.pl\/#\/schema\/logo\/image\/\",\"url\":\"https:\/\/invenco.pl\/wp-content\/uploads\/2020\/05\/logo_engineering_tmp_revb_hi1_alfa.png\",\"contentUrl\":\"https:\/\/invenco.pl\/wp-content\/uploads\/2020\/05\/logo_engineering_tmp_revb_hi1_alfa.png\",\"width\":595,\"height\":112,\"caption\":\"Invenco Engineering\"},\"image\":{\"@id\":\"https:\/\/invenco.pl\/#\/schema\/logo\/image\/\"}}]}<\/script>\n<!-- \/ Yoast SEO plugin. -->","yoast_head_json":{"title":"O firmie - Invenco Engineering","robots":{"index":"index","follow":"follow","max-snippet":"max-snippet:-1","max-image-preview":"max-image-preview:large","max-video-preview":"max-video-preview:-1"},"canonical":"https:\/\/invenco.pl\/?page_id=618&lang=pl","og_locale":"pl_PL","og_type":"article","og_title":"O firmie - Invenco Engineering","og_description":"Invenco Engineering Posiadamy rozleg\u0142e do\u015bwiadczenie [&hellip;]","og_url":"https:\/\/invenco.pl\/?page_id=618&lang=pl","og_site_name":"Invenco Engineering","article_modified_time":"2024-04-09T14:40:29+00:00","og_image":[{"url":"https:\/\/invenco.pl\/wp-content\/uploads\/2020\/05\/modal-683x1024.jpg"}],"twitter_card":"summary_large_image","twitter_misc":{"Szacowany czas czytania":"2 minuty"},"schema":{"@context":"https:\/\/schema.org","@graph":[{"@type":"WebPage","@id":"https:\/\/invenco.pl\/?page_id=618&lang=pl","url":"https:\/\/invenco.pl\/?page_id=618&lang=pl","name":"O firmie - Invenco Engineering","isPartOf":{"@id":"https:\/\/invenco.pl\/#website"},"datePublished":"2019-05-31T10:43:36+00:00","dateModified":"2024-04-09T14:40:29+00:00","breadcrumb":{"@id":"https:\/\/invenco.pl\/?page_id=618&lang=pl#breadcrumb"},"inLanguage":"pl-PL","potentialAction":[{"@type":"ReadAction","target":["https:\/\/invenco.pl\/?page_id=618&lang=pl"]}]},{"@type":"BreadcrumbList","@id":"https:\/\/invenco.pl\/?page_id=618&lang=pl#breadcrumb","itemListElement":[{"@type":"ListItem","position":1,"name":"Strona g\u0142\u00f3wna","item":"https:\/\/invenco.pl\/?page_id=615&lang=pl"},{"@type":"ListItem","position":2,"name":"O firmie"}]},{"@type":"WebSite","@id":"https:\/\/invenco.pl\/#website","url":"https:\/\/invenco.pl\/","name":"Invenco Engineering","description":"Professional engineering services","publisher":{"@id":"https:\/\/invenco.pl\/#organization"},"potentialAction":[{"@type":"SearchAction","target":{"@type":"EntryPoint","urlTemplate":"https:\/\/invenco.pl\/?s={search_term_string}"},"query-input":"required name=search_term_string"}],"inLanguage":"pl-PL"},{"@type":"Organization","@id":"https:\/\/invenco.pl\/#organization","name":"Invenco Engineering","url":"https:\/\/invenco.pl\/","logo":{"@type":"ImageObject","inLanguage":"pl-PL","@id":"https:\/\/invenco.pl\/#\/schema\/logo\/image\/","url":"https:\/\/invenco.pl\/wp-content\/uploads\/2020\/05\/logo_engineering_tmp_revb_hi1_alfa.png","contentUrl":"https:\/\/invenco.pl\/wp-content\/uploads\/2020\/05\/logo_engineering_tmp_revb_hi1_alfa.png","width":595,"height":112,"caption":"Invenco Engineering"},"image":{"@id":"https:\/\/invenco.pl\/#\/schema\/logo\/image\/"}}]}},"_links":{"self":[{"href":"https:\/\/invenco.pl\/index.php?rest_route=\/wp\/v2\/pages\/618"}],"collection":[{"href":"https:\/\/invenco.pl\/index.php?rest_route=\/wp\/v2\/pages"}],"about":[{"href":"https:\/\/invenco.pl\/index.php?rest_route=\/wp\/v2\/types\/page"}],"author":[{"embeddable":true,"href":"https:\/\/invenco.pl\/index.php?rest_route=\/wp\/v2\/users\/1"}],"replies":[{"embeddable":true,"href":"https:\/\/invenco.pl\/index.php?rest_route=%2Fwp%2Fv2%2Fcomments&post=618"}],"version-history":[{"count":45,"href":"https:\/\/invenco.pl\/index.php?rest_route=\/wp\/v2\/pages\/618\/revisions"}],"predecessor-version":[{"id":1688,"href":"https:\/\/invenco.pl\/index.php?rest_route=\/wp\/v2\/pages\/618\/revisions\/1688"}],"wp:attachment":[{"href":"https:\/\/invenco.pl\/index.php?rest_route=%2Fwp%2Fv2%2Fmedia&parent=618"}],"curies":[{"name":"wp","href":"https:\/\/api.w.org\/{rel}","templated":true}]}}